{"id":15736,"date":"2023-02-06T11:20:27","date_gmt":"2023-02-06T10:20:27","guid":{"rendered":"https:\/\/vm-bled.si\/organi-zavoda\/"},"modified":"2024-02-14T09:30:25","modified_gmt":"2024-02-14T08:30:25","slug":"organisation","status":"publish","type":"page","link":"https:\/\/vm-bled.si\/en\/organisation\/","title":{"rendered":"Organisation"},"content":{"rendered":"\t\t<div data-elementor-type=\"wp-page\" data-elementor-id=\"15736\" class=\"elementor elementor-15736 elementor-13051\">\n\t\t\t\t\t\t<section class=\"elementor-section elementor-top-section elementor-element elementor-element-50d2654 elementor-section-full_width elementor-section-height-default elementor-section-height-default\" data-id=\"50d2654\" data-element_type=\"section\" data-settings=\"{&quot;background_background&quot;:&quot;classic&quot;}\">\r\n\t\t\t\t\t\t<div class=\"elementor-container elementor-column-gap-no\"><div class=\"elementor-row\">\r\n\t\t\t\t\t<div class=\"elementor-column elementor-col-50 elementor-top-column elementor-element elementor-element-cbc98d5\" data-id=\"cbc98d5\" data-element_type=\"column\" data-settings=\"{&quot;background_background&quot;:&quot;classic&quot;}\">\n\t\t\t<div class=\"elementor-widget-wrap elementor-element-populated\">\n\t\t\t\t\t\t<div class=\"elementor-element elementor-element-1dc92d0 flex-horizontal-align-default flex-horizontal-align-tablet-default flex-horizontal-align-mobile-default flex-vertical-align-default flex-vertical-align-tablet-default flex-vertical-align-mobile-default elementor-widget elementor-widget-spacer\" data-id=\"1dc92d0\" data-element_type=\"widget\" data-widget_type=\"spacer.default\">\n\t\t\t\t<div class=\"elementor-widget-container\">\n\t\t\t\t\t\t\t<div class=\"elementor-spacer\">\n\t\t\t<div class=\"elementor-spacer-inner\"><\/div>\n\t\t<\/div>\n\t\t\t\t\t\t<\/div>\n\t\t\t\t<\/div>\n\t\t\t\t\t<\/div>\n\t\t<\/div>\n\t\t\t\t<div class=\"elementor-column elementor-col-50 elementor-top-column elementor-element elementor-element-81e5caa\" data-id=\"81e5caa\" data-element_type=\"column\">\n\t\t\t<div class=\"elementor-widget-wrap elementor-element-populated\">\n\t\t\t\t\t\t<div class=\"elementor-element elementor-element-e236375 flex-horizontal-align-default flex-horizontal-align-tablet-default flex-horizontal-align-mobile-default flex-vertical-align-default flex-vertical-align-tablet-default flex-vertical-align-mobile-default elementor-widget elementor-widget-heading\" data-id=\"e236375\" data-element_type=\"widget\" data-widget_type=\"heading.default\">\n\t\t\t\t<div class=\"elementor-widget-container\">\n\t\t\t\t\t<h1 class=\"elementor-heading-title elementor-size-default\">Organisation<\/h1>\t\t\t\t<\/div>\n\t\t\t\t<\/div>\n\t\t\t\t\t<\/div>\n\t\t<\/div>\n\t\t\t\t\t<\/div><\/div>\r\n\t\t<\/section>\r\n\t\t\t\t<section class=\"elementor-section elementor-top-section elementor-element elementor-element-eeb1985 elementor-section-boxed elementor-section-height-default elementor-section-height-default\" data-id=\"eeb1985\" data-element_type=\"section\" data-settings=\"{&quot;background_background&quot;:&quot;classic&quot;}\">\r\n\t\t\t\t\t\t<div class=\"elementor-container elementor-column-gap-no\"><div class=\"elementor-row\">\r\n\t\t\t\t\t<div class=\"elementor-column elementor-col-50 elementor-top-column elementor-element elementor-element-2177d0c\" data-id=\"2177d0c\" data-element_type=\"column\">\n\t\t\t<div class=\"elementor-widget-wrap elementor-element-populated\">\n\t\t\t\t\t\t<div class=\"elementor-element elementor-element-7cfca18 eael-dual-header-content-align-left flex-horizontal-align-default flex-horizontal-align-tablet-default flex-horizontal-align-mobile-default flex-vertical-align-default flex-vertical-align-tablet-default flex-vertical-align-mobile-default elementor-widget elementor-widget-eael-dual-color-header\" data-id=\"7cfca18\" data-element_type=\"widget\" data-widget_type=\"eael-dual-color-header.default\">\n\t\t\t\t<div class=\"elementor-widget-container\">\n\t\t\t\t\t\t\t\t<div class=\"eael-dual-header\">\n\t\t\t\t\t\t\t\t<span class=\"subtext\"><\/span>\n\t\t\t\t<h2 class=\"title eael-dch-title\"><span class=\"eael-dch-title-text eael-dch-title-lead lead solid-color\">Management <\/span> <span class=\"eael-dch-title-text\">Board<\/span><\/h2><div class=\"eael-dch-separator-wrap\"><span class=\"separator-one\"><\/span>\n\t\t\t<span class=\"separator-two\"><\/span><\/div>\t\t\t<\/div>\n\t\t\t\t\t\t<\/div>\n\t\t\t\t<\/div>\n\t\t\t\t<div class=\"elementor-element elementor-element-f467db7 flex-horizontal-align-default flex-horizontal-align-tablet-default flex-horizontal-align-mobile-default flex-vertical-align-default flex-vertical-align-tablet-default flex-vertical-align-mobile-default elementor-widget elementor-widget-text-editor\" data-id=\"f467db7\" data-element_type=\"widget\" data-widget_type=\"text-editor.default\">\n\t\t\t\t<div class=\"elementor-widget-container\">\n\t\t\t\t\t\t\t\t\t\t\t\t<div class=\"elementor-text-editor elementor-clearfix\">\r\n\t\t\t\t\t\t<p><strong>The members of the Managment Board of the College of Management are:<\/strong><\/p><ul><li>dr. Emira Premrov, representative of VM Bled \u2013 President<\/li><li>Cilka Dem\u0161ar, representative of VM Bled<\/li><li>Anu\u0161a Vogelnik Holzner, representative of the founder<\/li><li>Natalija Koro\u0161ec, Founder\u2019s Representative<\/li><li>mag. Peter Mihel\u010di\u010d, representative of VS\u0160 Bled<\/li><\/ul>\t\t\t\t\t\t\t<\/div>\r\n\t\t\t\t\t\t\t\t\t\t<\/div>\n\t\t\t\t<\/div>\n\t\t\t\t<div class=\"elementor-element elementor-element-20c108f eael-dual-header-content-align-left flex-horizontal-align-default flex-horizontal-align-tablet-default flex-horizontal-align-mobile-default flex-vertical-align-default flex-vertical-align-tablet-default flex-vertical-align-mobile-default elementor-widget elementor-widget-eael-dual-color-header\" data-id=\"20c108f\" data-element_type=\"widget\" data-widget_type=\"eael-dual-color-header.default\">\n\t\t\t\t<div class=\"elementor-widget-container\">\n\t\t\t\t\t\t\t\t<div class=\"eael-dual-header\">\n\t\t\t\t\t\t\t\t<span class=\"subtext\"><\/span>\n\t\t\t\t<h2 class=\"title eael-dch-title\"><span class=\"eael-dch-title-text eael-dch-title-lead lead solid-color\">SENATE<\/span> <span class=\"eael-dch-title-text\"><\/span><\/h2><div class=\"eael-dch-separator-wrap\"><span class=\"separator-one\"><\/span>\n\t\t\t<span class=\"separator-two\"><\/span><\/div>\t\t\t<\/div>\n\t\t\t\t\t\t<\/div>\n\t\t\t\t<\/div>\n\t\t\t\t<div class=\"elementor-element elementor-element-d0cfa7c flex-horizontal-align-default flex-horizontal-align-tablet-default flex-horizontal-align-mobile-default flex-vertical-align-default flex-vertical-align-tablet-default flex-vertical-align-mobile-default elementor-widget elementor-widget-text-editor\" data-id=\"d0cfa7c\" data-element_type=\"widget\" data-widget_type=\"text-editor.default\">\n\t\t\t\t<div class=\"elementor-widget-container\">\n\t\t\t\t\t\t\t\t\t\t\t\t<div class=\"elementor-text-editor elementor-clearfix\">\r\n\t\t\t\t\t\t<ul><li>mag. Tadeja Kra\u0161na, Dean<\/li><li>dr. Emira Premrov<\/li><li>dr. Elena Marulc<\/li><li>dr. sc. Gordana Vuli\u0107<\/li><li>dr. Lea Ku\u017enik<\/li><li>mag. Darja Radi\u0107<\/li><li>Ne\u017ea Hrastar, dr. med.<\/li><li>Kristina Po\u017eun (student)<\/li><li>Nika Medved (student)<\/li><\/ul>\t\t\t\t\t\t\t<\/div>\r\n\t\t\t\t\t\t\t\t\t\t<\/div>\n\t\t\t\t<\/div>\n\t\t\t\t<div class=\"elementor-element elementor-element-6db598a eael-dual-header-content-align-left flex-horizontal-align-default flex-horizontal-align-tablet-default flex-horizontal-align-mobile-default flex-vertical-align-default flex-vertical-align-tablet-default flex-vertical-align-mobile-default elementor-widget elementor-widget-eael-dual-color-header\" data-id=\"6db598a\" data-element_type=\"widget\" data-widget_type=\"eael-dual-color-header.default\">\n\t\t\t\t<div class=\"elementor-widget-container\">\n\t\t\t\t\t\t\t\t<div class=\"eael-dual-header\">\n\t\t\t\t\t\t\t\t<span class=\"subtext\"><\/span>\n\t\t\t\t<h2 class=\"title eael-dch-title\"><span class=\"eael-dch-title-text eael-dch-title-lead lead solid-color\">SENATE <\/span> <span class=\"eael-dch-title-text\">COMMISSIONS<\/span><\/h2><div class=\"eael-dch-separator-wrap\"><span class=\"separator-one\"><\/span>\n\t\t\t<span class=\"separator-two\"><\/span><\/div>\t\t\t<\/div>\n\t\t\t\t\t\t<\/div>\n\t\t\t\t<\/div>\n\t\t\t\t<div class=\"elementor-element elementor-element-4f5ae44 flex-horizontal-align-default flex-horizontal-align-tablet-default flex-horizontal-align-mobile-default flex-vertical-align-default flex-vertical-align-tablet-default flex-vertical-align-mobile-default elementor-widget elementor-widget-text-editor\" data-id=\"4f5ae44\" data-element_type=\"widget\" data-widget_type=\"text-editor.default\">\n\t\t\t\t<div class=\"elementor-widget-container\">\n\t\t\t\t\t\t\t\t\t\t\t\t<div class=\"elementor-text-editor elementor-clearfix\">\r\n\t\t\t\t\t\t<p><strong>Commission for Study Affairs:<\/strong><\/p><ul><li>dr. Emira Premrov \u2013 President<\/li><li>Cilka Dem\u0161ar<\/li><li>mag. Du\u0161ica Todorovi\u0107<\/li><\/ul><p><strong>Commission for scientific research and development:<\/strong><\/p><ul><li>mag. Tadeja Kra\u0161na \u2013 President<\/li><li>dr. Nevenka Maher<\/li><li>dr. Emira Premrov<\/li><\/ul><p><strong>Habilitation Commission:<\/strong><\/p><ul><li>dr. Sre\u010dko Devjak \u2013 President<\/li><li>dr. Nevenka Maher<\/li><li>dr. Mojca Koro\u0161ec<\/li><\/ul><p><strong>Quality Commission:<\/strong><\/p><ul><li>dr. Emira Premrov \u2013 President<\/li><li>dr. Elena Marulc<\/li><li>Jakob Dem\u0161ar<\/li><li>Kristina Po\u017eun<\/li><\/ul><p><strong>Publishing commission:<\/strong><\/p><ul><li>mag. Tadeja Kra\u0161na \u2013 President<\/li><li>mag. Peter Mihel\u010di\u010d<\/li><li>mag. Peter Marki\u010d<\/li><\/ul><p><strong>Commission on Ethics in Research Involving Human Subjects:<\/strong><\/p><ul><li>dr. sc. Gordana Vuli\u0107 \u2013 President<\/li><li>Ne\u017ea Hrastar, dr. med.<\/li><li>dr. Emira Premrov<\/li><li>mag. Tadeja Kra\u0161na<\/li><li>dr. Elena Marulc<\/li><li>Mitja Vrdelja<\/li><\/ul><p><strong>Disciplinary Board:<\/strong><\/p><ul><li>dr. Elena Marulc \u2013 President<\/li><li>Jakob Dem\u0161ar<\/li><li>mag. Darja Radi\u0107<\/li><\/ul>\t\t\t\t\t\t\t<\/div>\r\n\t\t\t\t\t\t\t\t\t\t<\/div>\n\t\t\t\t<\/div>\n\t\t\t\t<div class=\"elementor-element elementor-element-d7398ed eael-dual-header-content-align-left flex-horizontal-align-default flex-horizontal-align-tablet-default flex-horizontal-align-mobile-default flex-vertical-align-default flex-vertical-align-tablet-default flex-vertical-align-mobile-default elementor-widget elementor-widget-eael-dual-color-header\" data-id=\"d7398ed\" data-element_type=\"widget\" data-widget_type=\"eael-dual-color-header.default\">\n\t\t\t\t<div class=\"elementor-widget-container\">\n\t\t\t\t\t\t\t\t<div class=\"eael-dual-header\">\n\t\t\t\t\t\t\t\t<span class=\"subtext\"><\/span>\n\t\t\t\t<h2 class=\"title eael-dch-title\"><span class=\"eael-dch-title-text eael-dch-title-lead lead solid-color\">ACADEMIC<\/span> <span class=\"eael-dch-title-text\"> ASSEMBLY <\/span><\/h2><div class=\"eael-dch-separator-wrap\"><span class=\"separator-one\"><\/span>\n\t\t\t<span class=\"separator-two\"><\/span><\/div>\t\t\t<\/div>\n\t\t\t\t\t\t<\/div>\n\t\t\t\t<\/div>\n\t\t\t\t<div class=\"elementor-element elementor-element-7a0b9ef flex-horizontal-align-default flex-horizontal-align-tablet-default flex-horizontal-align-mobile-default flex-vertical-align-default flex-vertical-align-tablet-default flex-vertical-align-mobile-default elementor-widget elementor-widget-text-editor\" data-id=\"7a0b9ef\" data-element_type=\"widget\" data-widget_type=\"text-editor.default\">\n\t\t\t\t<div class=\"elementor-widget-container\">\n\t\t\t\t\t\t\t\t\t\t\t\t<div class=\"elementor-text-editor elementor-clearfix\">\r\n\t\t\t\t\t\t<p>The Academic Assembly is composed of higher education teachers, researchers and higher education staff who, during the current academic year, are engaged in teaching or scientific research activities on the basis of a valid contractual relationship with the School. Student representatives shall participate equally in its work and decision-making, so that their number is at least one fifth of the members of the Academic Assembly.<\/p><p><strong>President of the Academic Assembly:<\/strong><\/p><p>Dr. Emira Premrov | <a href=\"mailto:emira.premrov@vs-bled.si\">emira.premrov@vs-bled.si<\/a><\/p>\t\t\t\t\t\t\t<\/div>\r\n\t\t\t\t\t\t\t\t\t\t<\/div>\n\t\t\t\t<\/div>\n\t\t\t\t<div class=\"elementor-element elementor-element-41518f7 eael-dual-header-content-align-left flex-horizontal-align-default flex-horizontal-align-tablet-default flex-horizontal-align-mobile-default flex-vertical-align-default flex-vertical-align-tablet-default flex-vertical-align-mobile-default elementor-widget elementor-widget-eael-dual-color-header\" data-id=\"41518f7\" data-element_type=\"widget\" data-widget_type=\"eael-dual-color-header.default\">\n\t\t\t\t<div class=\"elementor-widget-container\">\n\t\t\t\t\t\t\t\t<div class=\"eael-dual-header\">\n\t\t\t\t\t\t\t\t<span class=\"subtext\"><\/span>\n\t\t\t\t<h2 class=\"title eael-dch-title\"><span class=\"eael-dch-title-text eael-dch-title-lead lead solid-color\">STUDENT <\/span> <span class=\"eael-dch-title-text\">COUNCIL<\/span><\/h2><div class=\"eael-dch-separator-wrap\"><span class=\"separator-one\"><\/span>\n\t\t\t<span class=\"separator-two\"><\/span><\/div>\t\t\t<\/div>\n\t\t\t\t\t\t<\/div>\n\t\t\t\t<\/div>\n\t\t\t\t<div class=\"elementor-element elementor-element-5dd3ab5 flex-horizontal-align-default flex-horizontal-align-tablet-default flex-horizontal-align-mobile-default flex-vertical-align-default flex-vertical-align-tablet-default flex-vertical-align-mobile-default elementor-widget elementor-widget-text-editor\" data-id=\"5dd3ab5\" data-element_type=\"widget\" data-widget_type=\"text-editor.default\">\n\t\t\t\t<div class=\"elementor-widget-container\">\n\t\t\t\t\t\t\t\t\t\t\t\t<div class=\"elementor-text-editor elementor-clearfix\">\r\n\t\t\t\t\t\t<ul><li>Kristina Po\u017eun \u2013 President of the Student Council<\/li><li>Janez \u0160mit<\/li><li>Luka Peri\u0161i\u0107<\/li><li>Nika Medved<\/li><li>Mojca Raj<\/li><\/ul>\t\t\t\t\t\t\t<\/div>\r\n\t\t\t\t\t\t\t\t\t\t<\/div>\n\t\t\t\t<\/div>\n\t\t\t\t\t<\/div>\n\t\t<\/div>\n\t\t\t\t<div class=\"elementor-column elementor-col-50 elementor-top-column elementor-element elementor-element-9d6db74\" data-id=\"9d6db74\" data-element_type=\"column\">\n\t\t\t<div class=\"elementor-widget-wrap elementor-element-populated\">\n\t\t\t\t\t\t<div class=\"elementor-element elementor-element-454bb32 eael-dual-header-content-align-left flex-horizontal-align-default flex-horizontal-align-tablet-default flex-horizontal-align-mobile-default flex-vertical-align-default flex-vertical-align-tablet-default flex-vertical-align-mobile-default elementor-widget elementor-widget-eael-dual-color-header\" data-id=\"454bb32\" data-element_type=\"widget\" data-widget_type=\"eael-dual-color-header.default\">\n\t\t\t\t<div class=\"elementor-widget-container\">\n\t\t\t\t\t\t\t\t<div class=\"eael-dual-header\">\n\t\t\t\t\t\t\t\t<span class=\"subtext\"><\/span>\n\t\t\t\t<h2 class=\"title eael-dch-title\"><span class=\"eael-dch-title-text eael-dch-title-lead lead solid-color\">MANAGEMENT<\/span> <span class=\"eael-dch-title-text\"><\/span><\/h2><div class=\"eael-dch-separator-wrap\"><span class=\"separator-one\"><\/span>\n\t\t\t<span class=\"separator-two\"><\/span><\/div>\t\t\t<\/div>\n\t\t\t\t\t\t<\/div>\n\t\t\t\t<\/div>\n\t\t\t\t<div class=\"elementor-element elementor-element-b9a0131 flex-horizontal-align-default flex-horizontal-align-tablet-default flex-horizontal-align-mobile-default flex-vertical-align-default flex-vertical-align-tablet-default flex-vertical-align-mobile-default elementor-widget elementor-widget-text-editor\" data-id=\"b9a0131\" data-element_type=\"widget\" data-widget_type=\"text-editor.default\">\n\t\t\t\t<div class=\"elementor-widget-container\">\n\t\t\t\t\t\t\t\t\t\t\t\t<div class=\"elementor-text-editor elementor-clearfix\">\r\n\t\t\t\t\t\t<div id=\"panel-6393-0-0-1\" class=\"so-panel widget_text\" data-index=\"1\"><div class=\"textwidget\"><p><strong>Dean:<\/strong> mag. Tadeja Kra\u0161na<br \/><a href=\"mailto:tadeja.krasna@vs-bled.si\">tadeja.krasna@vs-bled.si<\/a><br \/>t +386 8 205 59 59<br \/>m +386 40 322 299<\/p><\/div><\/div>\t\t\t\t\t\t\t<\/div>\r\n\t\t\t\t\t\t\t\t\t\t<\/div>\n\t\t\t\t<\/div>\n\t\t\t\t\t<\/div>\n\t\t<\/div>\n\t\t\t\t\t<\/div><\/div>\r\n\t\t<\/section>\r\n\t\t\t\t<\/div>\n\t\t","protected":false},"excerpt":{"rendered":"<p>Organisation Management Board The members of the Managment Board of the College of Management are: dr. Emira Premrov, representative of&#8230;<\/p>\n","protected":false},"author":1,"featured_media":0,"parent":0,"menu_order":0,"comment_status":"closed","ping_status":"closed","template":"page-fullwidth.php","meta":{"_monsterinsights_skip_tracking":false,"_monsterinsights_sitenote_active":false,"_monsterinsights_sitenote_note":"","_monsterinsights_sitenote_category":0,"footnotes":""},"class_list":["post-15736","page","type-page","status-publish"],"yoast_head":"<!-- This site is optimized with the Yoast SEO plugin v27.4 - https:\/\/yoast.com\/product\/yoast-seo-wordpress\/ -->\n<title>Organisation - VM Bled<\/title>\n<meta name=\"robots\" content=\"index, follow, max-snippet:-1, max-image-preview:large, max-video-preview:-1\" \/>\n<link rel=\"canonical\" href=\"https:\/\/vm-bled.si\/organi-zavoda\/\" \/>\n<meta property=\"og:locale\" content=\"en_US\" \/>\n<meta property=\"og:type\" content=\"article\" \/>\n<meta property=\"og:title\" content=\"Organisation - VM Bled\" \/>\n<meta property=\"og:description\" content=\"Organisation Management Board The members of the Managment Board of the College of Management are: dr. Emira Premrov, representative of...\" \/>\n<meta property=\"og:url\" content=\"https:\/\/vm-bled.si\/organi-zavoda\/\" \/>\n<meta property=\"og:site_name\" content=\"VM Bled\" \/>\n<meta property=\"article:publisher\" content=\"https:\/\/www.facebook.com\/VSHTB\/\" \/>\n<meta property=\"article:modified_time\" content=\"2024-02-14T08:30:25+00:00\" \/>\n<meta name=\"twitter:card\" content=\"summary_large_image\" \/>\n<meta name=\"twitter:label1\" content=\"Est. reading time\" \/>\n\t<meta name=\"twitter:data1\" content=\"2 minutes\" \/>\n<script type=\"application\/ld+json\" class=\"yoast-schema-graph\">{\"@context\":\"https:\\\/\\\/schema.org\",\"@graph\":[{\"@type\":\"WebPage\",\"@id\":\"https:\\\/\\\/vm-bled.si\\\/organi-zavoda\\\/\",\"url\":\"https:\\\/\\\/vm-bled.si\\\/organi-zavoda\\\/\",\"name\":\"Organisation - VM Bled\",\"isPartOf\":{\"@id\":\"https:\\\/\\\/vm-bled.si\\\/#website\"},\"datePublished\":\"2023-02-06T10:20:27+00:00\",\"dateModified\":\"2024-02-14T08:30:25+00:00\",\"breadcrumb\":{\"@id\":\"https:\\\/\\\/vm-bled.si\\\/organi-zavoda\\\/#breadcrumb\"},\"inLanguage\":\"en-US\",\"potentialAction\":[{\"@type\":\"ReadAction\",\"target\":[\"https:\\\/\\\/vm-bled.si\\\/organi-zavoda\\\/\"]}]},{\"@type\":\"BreadcrumbList\",\"@id\":\"https:\\\/\\\/vm-bled.si\\\/organi-zavoda\\\/#breadcrumb\",\"itemListElement\":[{\"@type\":\"ListItem\",\"position\":1,\"name\":\"Home\",\"item\":\"https:\\\/\\\/vm-bled.si\\\/en\\\/\"},{\"@type\":\"ListItem\",\"position\":2,\"name\":\"Organisation\"}]},{\"@type\":\"WebSite\",\"@id\":\"https:\\\/\\\/vm-bled.si\\\/#website\",\"url\":\"https:\\\/\\\/vm-bled.si\\\/\",\"name\":\"VM BLED\",\"description\":\"\",\"publisher\":{\"@id\":\"https:\\\/\\\/vm-bled.si\\\/#organization\"},\"alternateName\":\"VISOKA \u0160OLA ZA MANAGEMENT BLED\",\"potentialAction\":[{\"@type\":\"SearchAction\",\"target\":{\"@type\":\"EntryPoint\",\"urlTemplate\":\"https:\\\/\\\/vm-bled.si\\\/?s={search_term_string}\"},\"query-input\":{\"@type\":\"PropertyValueSpecification\",\"valueRequired\":true,\"valueName\":\"search_term_string\"}}],\"inLanguage\":\"en-US\"},{\"@type\":\"Organization\",\"@id\":\"https:\\\/\\\/vm-bled.si\\\/#organization\",\"name\":\"VM BLED\",\"url\":\"https:\\\/\\\/vm-bled.si\\\/\",\"logo\":{\"@type\":\"ImageObject\",\"inLanguage\":\"en-US\",\"@id\":\"https:\\\/\\\/vm-bled.si\\\/#\\\/schema\\\/logo\\\/image\\\/\",\"url\":\"\",\"contentUrl\":\"\",\"caption\":\"VM BLED\"},\"image\":{\"@id\":\"https:\\\/\\\/vm-bled.si\\\/#\\\/schema\\\/logo\\\/image\\\/\"},\"sameAs\":[\"https:\\\/\\\/www.facebook.com\\\/VSHTB\\\/\"]}]}<\/script>\n<!-- \/ Yoast SEO plugin. -->","yoast_head_json":{"title":"Organisation - VM Bled","robots":{"index":"index","follow":"follow","max-snippet":"max-snippet:-1","max-image-preview":"max-image-preview:large","max-video-preview":"max-video-preview:-1"},"canonical":"https:\/\/vm-bled.si\/organi-zavoda\/","og_locale":"en_US","og_type":"article","og_title":"Organisation - VM Bled","og_description":"Organisation Management Board The members of the Managment Board of the College of Management are: dr. Emira Premrov, representative of...","og_url":"https:\/\/vm-bled.si\/organi-zavoda\/","og_site_name":"VM Bled","article_publisher":"https:\/\/www.facebook.com\/VSHTB\/","article_modified_time":"2024-02-14T08:30:25+00:00","twitter_card":"summary_large_image","twitter_misc":{"Est. reading time":"2 minutes"},"schema":{"@context":"https:\/\/schema.org","@graph":[{"@type":"WebPage","@id":"https:\/\/vm-bled.si\/organi-zavoda\/","url":"https:\/\/vm-bled.si\/organi-zavoda\/","name":"Organisation - VM Bled","isPartOf":{"@id":"https:\/\/vm-bled.si\/#website"},"datePublished":"2023-02-06T10:20:27+00:00","dateModified":"2024-02-14T08:30:25+00:00","breadcrumb":{"@id":"https:\/\/vm-bled.si\/organi-zavoda\/#breadcrumb"},"inLanguage":"en-US","potentialAction":[{"@type":"ReadAction","target":["https:\/\/vm-bled.si\/organi-zavoda\/"]}]},{"@type":"BreadcrumbList","@id":"https:\/\/vm-bled.si\/organi-zavoda\/#breadcrumb","itemListElement":[{"@type":"ListItem","position":1,"name":"Home","item":"https:\/\/vm-bled.si\/en\/"},{"@type":"ListItem","position":2,"name":"Organisation"}]},{"@type":"WebSite","@id":"https:\/\/vm-bled.si\/#website","url":"https:\/\/vm-bled.si\/","name":"VM BLED","description":"","publisher":{"@id":"https:\/\/vm-bled.si\/#organization"},"alternateName":"VISOKA \u0160OLA ZA MANAGEMENT BLED","potentialAction":[{"@type":"SearchAction","target":{"@type":"EntryPoint","urlTemplate":"https:\/\/vm-bled.si\/?s={search_term_string}"},"query-input":{"@type":"PropertyValueSpecification","valueRequired":true,"valueName":"search_term_string"}}],"inLanguage":"en-US"},{"@type":"Organization","@id":"https:\/\/vm-bled.si\/#organization","name":"VM BLED","url":"https:\/\/vm-bled.si\/","logo":{"@type":"ImageObject","inLanguage":"en-US","@id":"https:\/\/vm-bled.si\/#\/schema\/logo\/image\/","url":"","contentUrl":"","caption":"VM BLED"},"image":{"@id":"https:\/\/vm-bled.si\/#\/schema\/logo\/image\/"},"sameAs":["https:\/\/www.facebook.com\/VSHTB\/"]}]}},"_links":{"self":[{"href":"https:\/\/vm-bled.si\/en\/wp-json\/wp\/v2\/pages\/15736","targetHints":{"allow":["GET"]}}],"collection":[{"href":"https:\/\/vm-bled.si\/en\/wp-json\/wp\/v2\/pages"}],"about":[{"href":"https:\/\/vm-bled.si\/en\/wp-json\/wp\/v2\/types\/page"}],"author":[{"embeddable":true,"href":"https:\/\/vm-bled.si\/en\/wp-json\/wp\/v2\/users\/1"}],"replies":[{"embeddable":true,"href":"https:\/\/vm-bled.si\/en\/wp-json\/wp\/v2\/comments?post=15736"}],"version-history":[{"count":0,"href":"https:\/\/vm-bled.si\/en\/wp-json\/wp\/v2\/pages\/15736\/revisions"}],"wp:attachment":[{"href":"https:\/\/vm-bled.si\/en\/wp-json\/wp\/v2\/media?parent=15736"}],"curies":[{"name":"wp","href":"https:\/\/api.w.org\/{rel}","templated":true}]}}