{"id":15888,"date":"2023-02-09T10:30:55","date_gmt":"2023-02-09T09:30:55","guid":{"rendered":"https:\/\/vm-bled.si\/raziskovanje\/"},"modified":"2024-01-30T13:45:55","modified_gmt":"2024-01-30T12:45:55","slug":"research","status":"publish","type":"page","link":"https:\/\/vm-bled.si\/en\/research\/","title":{"rendered":"RESEARCH"},"content":{"rendered":"\t\t<div data-elementor-type=\"wp-page\" data-elementor-id=\"15888\" class=\"elementor elementor-15888 elementor-13533\">\n\t\t\t\t\t\t<section class=\"elementor-section elementor-top-section elementor-element elementor-element-6db7acf elementor-section-full_width elementor-section-height-default elementor-section-height-default\" data-id=\"6db7acf\" data-element_type=\"section\" data-settings=\"{&quot;background_background&quot;:&quot;classic&quot;}\">\r\n\t\t\t\t\t\t<div class=\"elementor-container elementor-column-gap-no\"><div class=\"elementor-row\">\r\n\t\t\t\t\t<div class=\"elementor-column elementor-col-50 elementor-top-column elementor-element elementor-element-f1376ed\" data-id=\"f1376ed\" data-element_type=\"column\" data-settings=\"{&quot;background_background&quot;:&quot;classic&quot;}\">\n\t\t\t<div class=\"elementor-widget-wrap elementor-element-populated\">\n\t\t\t\t\t\t<div class=\"elementor-element elementor-element-4fda8ba flex-horizontal-align-default flex-horizontal-align-tablet-default flex-horizontal-align-mobile-default flex-vertical-align-default flex-vertical-align-tablet-default flex-vertical-align-mobile-default elementor-widget elementor-widget-spacer\" data-id=\"4fda8ba\" data-element_type=\"widget\" data-widget_type=\"spacer.default\">\n\t\t\t\t<div class=\"elementor-widget-container\">\n\t\t\t\t\t\t\t<div class=\"elementor-spacer\">\n\t\t\t<div class=\"elementor-spacer-inner\"><\/div>\n\t\t<\/div>\n\t\t\t\t\t\t<\/div>\n\t\t\t\t<\/div>\n\t\t\t\t\t<\/div>\n\t\t<\/div>\n\t\t\t\t<div class=\"elementor-column elementor-col-50 elementor-top-column elementor-element elementor-element-3e91c10\" data-id=\"3e91c10\" data-element_type=\"column\">\n\t\t\t<div class=\"elementor-widget-wrap elementor-element-populated\">\n\t\t\t\t\t\t<div class=\"elementor-element elementor-element-e236375 flex-horizontal-align-default flex-horizontal-align-tablet-default flex-horizontal-align-mobile-default flex-vertical-align-default flex-vertical-align-tablet-default flex-vertical-align-mobile-default elementor-widget elementor-widget-heading\" data-id=\"e236375\" data-element_type=\"widget\" data-widget_type=\"heading.default\">\n\t\t\t\t<div class=\"elementor-widget-container\">\n\t\t\t\t\t<h1 class=\"elementor-heading-title elementor-size-default\">RESEARCH<\/h1>\t\t\t\t<\/div>\n\t\t\t\t<\/div>\n\t\t\t\t<div class=\"elementor-element elementor-element-8fc578a flex-horizontal-align-default flex-horizontal-align-tablet-default flex-horizontal-align-mobile-default flex-vertical-align-default flex-vertical-align-tablet-default flex-vertical-align-mobile-default elementor-widget elementor-widget-text-editor\" data-id=\"8fc578a\" data-element_type=\"widget\" data-widget_type=\"text-editor.default\">\n\t\t\t\t<div class=\"elementor-widget-container\">\n\t\t\t\t\t\t\t\t\t\t\t\t<div class=\"elementor-text-editor elementor-clearfix\">\r\n\t\t\t\t\t\t<p>The academic staff of VM Bled carry out educational, scientific, research and professional work. In addition to their teaching work, they are also involved in research work in the framework of research and development projects. They are involved in numerous national and international projects.<\/p>\t\t\t\t\t\t\t<\/div>\r\n\t\t\t\t\t\t\t\t\t\t<\/div>\n\t\t\t\t<\/div>\n\t\t\t\t\t<\/div>\n\t\t<\/div>\n\t\t\t\t\t<\/div><\/div>\r\n\t\t<\/section>\r\n\t\t\t\t<section class=\"elementor-section elementor-top-section elementor-element elementor-element-bb4e2bd elementor-section-boxed elementor-section-height-default elementor-section-height-default\" data-id=\"bb4e2bd\" data-element_type=\"section\">\r\n\t\t\t\t\t\t<div class=\"elementor-container elementor-column-gap-thegem\"><div class=\"elementor-row\">\r\n\t\t\t\t\t<div class=\"elementor-column elementor-col-50 elementor-top-column elementor-element elementor-element-bb107c3\" data-id=\"bb107c3\" data-element_type=\"column\">\n\t\t\t<div class=\"elementor-widget-wrap elementor-element-populated\">\n\t\t\t\t\t\t<div class=\"elementor-element elementor-element-210d995 eael-dual-header-content-align-left flex-horizontal-align-default flex-horizontal-align-tablet-default flex-horizontal-align-mobile-default flex-vertical-align-default flex-vertical-align-tablet-default flex-vertical-align-mobile-default elementor-widget elementor-widget-eael-dual-color-header\" data-id=\"210d995\" data-element_type=\"widget\" data-widget_type=\"eael-dual-color-header.default\">\n\t\t\t\t<div class=\"elementor-widget-container\">\n\t\t\t\t\t\t\t\t<div class=\"eael-dual-header\">\n\t\t\t\t\t\t\t\t<span class=\"subtext\"><\/span>\n\t\t\t\t<h2 class=\"title eael-dch-title\"><span class=\"eael-dch-title-text eael-dch-title-lead lead solid-color\">PROJEKTI<\/span> <span class=\"eael-dch-title-text\"><\/span><\/h2><div class=\"eael-dch-separator-wrap\"><span class=\"separator-one\"><\/span>\n\t\t\t<span class=\"separator-two\"><\/span><\/div>\t\t\t<\/div>\n\t\t\t\t\t\t<\/div>\n\t\t\t\t<\/div>\n\t\t\t\t<div class=\"elementor-element elementor-element-11f7efc flex-horizontal-align-default flex-horizontal-align-tablet-default flex-horizontal-align-mobile-default flex-vertical-align-default flex-vertical-align-tablet-default flex-vertical-align-mobile-default elementor-widget elementor-widget-text-editor\" data-id=\"11f7efc\" data-element_type=\"widget\" data-widget_type=\"text-editor.default\">\n\t\t\t\t<div class=\"elementor-widget-container\">\n\t\t\t\t\t\t\t\t\t\t\t\t<div class=\"elementor-text-editor elementor-clearfix\">\r\n\t\t\t\t\t\t<p><strong>V\u0160HTB je v \u0161tudijskem letu 2014\/2015 pripravil Strategijo razvoja projektnega obmo\u010dja Stari vrh 2014\u20132020 pod mentorstvom dr. Tanje Le\u0161nik \u0160tuhec.<\/strong>\u00a0Dokument Strategija razvoja projektnega obmo\u010dja Stari vrh 2014-2020 je nastal v \u017eelji po dolgoro\u010dnem razvoju in tr\u017eenju obmo\u010dja Stari vrh. Celovit razvoj turisti\u010dne dejavnosti na \u0161ir\u0161em obmo\u010dju Starega vrha je mo\u017een le ob iskrenem povezovanju med dele\u017eniki za usmerjeno pridobivanje finan\u010dnih sredstev iz obstoje\u010dih virov sofinanciranja. V ta namen je nastalo sodelovanje med STC Stari vrh d.o.o. kot naro\u010dnikom dokumenta ter Visoko \u0161olo za hotelirstvo in turizem kot pripravljalcem dokumenta. Dokument zagotavlja osnovo za oblikovanje destinacijskih projektov in njihove prijave na sredstva razli\u010dnih EU, nacionalnih idr. razpisov v mo\u010dnih partnerstvih.<\/p><p>Za usklajeno oblikovanje razvoja in tr\u017eenja obravnavanega obmo\u010dja je bil projekt razdeljen na \u0161tiri sektorska podro\u010dja (sektor 1: Gostinska ponudba PO Stari vrh; sektor 2: Dopolnilne turisti\u010dne dejavnosti, rokodelstvo, umetna obrt in kultura PO Stari vrh; sektor 3: Tr\u017eenje, tr\u017ena znamka in turisti\u010dni produkti PO Stari vrh; sektor 4: Narava, \u0161port in rekreacija PO Stari vrh) s \u0161tirimi istoimenskimi delovnimi skupinami.<\/p><p>Z upo\u0161tevanjem usmeritev, ki so predstavljene v dokumentu ima destinacija dobro izhodi\u0161\u010de, da se pove\u017ee in v prihodnje postane celovito oblikovana ter tako privabi \u0161tevilne obiskovalce v vseh letnih \u010dasih, kar je njen glavni namen.<\/p><p>Dokument je na razpolago v dekanatu.<\/p>\t\t\t\t\t\t\t<\/div>\r\n\t\t\t\t\t\t\t\t\t\t<\/div>\n\t\t\t\t<\/div>\n\t\t\t\t\t<\/div>\n\t\t<\/div>\n\t\t\t\t<div class=\"elementor-column elementor-col-50 elementor-top-column elementor-element elementor-element-d8d2001\" data-id=\"d8d2001\" data-element_type=\"column\">\n\t\t\t<div class=\"elementor-widget-wrap elementor-element-populated\">\n\t\t\t\t\t\t<section class=\"elementor-section elementor-inner-section elementor-element elementor-element-11dd416 elementor-hidden-mobile elementor-section-boxed elementor-section-height-default elementor-section-height-default\" data-id=\"11dd416\" data-element_type=\"section\">\r\n\t\t\t\t\t\t<div class=\"elementor-container elementor-column-gap-thegem\"><div class=\"elementor-row\">\r\n\t\t\t\t\t<div class=\"elementor-column elementor-col-100 elementor-inner-column elementor-element elementor-element-00c45e9\" data-id=\"00c45e9\" data-element_type=\"column\">\n\t\t\t<div class=\"elementor-widget-wrap elementor-element-populated\">\n\t\t\t\t\t\t<div class=\"elementor-element elementor-element-1ed7bd1 flex-horizontal-align-default flex-horizontal-align-tablet-default flex-horizontal-align-mobile-default flex-vertical-align-default flex-vertical-align-tablet-default flex-vertical-align-mobile-default elementor-widget elementor-widget-thegem-custom-menu\" data-id=\"1ed7bd1\" data-element_type=\"widget\" data-widget_type=\"thegem-custom-menu.default\">\n\t\t\t\t<div class=\"elementor-widget-container\">\n\t\t\t\t\t\n\t\t<div id=\"menu-1ed7bd1\" class=\"thegem-menu-custom thegem-menu-custom--vertical thegem-menu-custom--left style-hover-background style-hover-animation-fade style-hover-type-background-color style-active-background style-active-type-background-color\">\n\t\t\t<div class=\"menu-custom-header  main-menu-item\"><span><span class=\"icon\"><i aria-hidden=\"true\" class=\"hidden-icon fas fa-book-reader\"><\/i><\/span>RESEARCH<\/span><div class=\"separator\"><span><\/span><\/div><\/div><div role=\"navigation\" aria-label=\"menu-1ed7bd1\"><ul id=\"menu-research\" class=\"nav-menu-custom scroll-to-anchor\"><li id=\"menu-item-15900\" class=\"menu-item menu-item-type-post_type menu-item-object-page menu-item-15900 submenu-item default inherit-colors\"><a href=\"https:\/\/vm-bled.si\/en\/events\/\"><span class=\"text\">Events<i class=\"indicator\"><\/i><\/span><\/a><\/li>\n<li id=\"menu-item-15901\" class=\"menu-item menu-item-type-post_type menu-item-object-page menu-item-15901 submenu-item default inherit-colors\"><a href=\"https:\/\/vm-bled.si\/en\/projects\/\"><span class=\"text\">Projects<i class=\"indicator\"><\/i><\/span><\/a><\/li>\n<\/ul><\/div>\t\t<\/div>\n\n\t\t\t\t\t\t<\/div>\n\t\t\t\t<\/div>\n\t\t\t\t\t<\/div>\n\t\t<\/div>\n\t\t\t\t\t<\/div><\/div>\r\n\t\t<\/section>\r\n\t\t\t\t\t<\/div>\n\t\t<\/div>\n\t\t\t\t\t<\/div><\/div>\r\n\t\t<\/section>\r\n\t\t\t\t<\/div>\n\t\t","protected":false},"excerpt":{"rendered":"<p>RESEARCH The academic staff of VM Bled carry out educational, scientific, research and professional work. In addition to their teaching&#8230;<\/p>\n","protected":false},"author":1,"featured_media":0,"parent":0,"menu_order":0,"comment_status":"closed","ping_status":"closed","template":"page-fullwidth.php","meta":{"_monsterinsights_skip_tracking":false,"_monsterinsights_sitenote_active":false,"_monsterinsights_sitenote_note":"","_monsterinsights_sitenote_category":0,"footnotes":""},"class_list":["post-15888","page","type-page","status-publish"],"yoast_head":"<!-- This site is optimized with the Yoast SEO plugin v27.4 - https:\/\/yoast.com\/product\/yoast-seo-wordpress\/ -->\n<title>RESEARCH - VM Bled<\/title>\n<meta name=\"robots\" content=\"index, follow, max-snippet:-1, max-image-preview:large, max-video-preview:-1\" \/>\n<link rel=\"canonical\" href=\"https:\/\/vm-bled.si\/en\/research\/\" \/>\n<meta property=\"og:locale\" content=\"en_US\" \/>\n<meta property=\"og:type\" content=\"article\" \/>\n<meta property=\"og:title\" content=\"RESEARCH - VM Bled\" \/>\n<meta property=\"og:description\" content=\"RESEARCH The academic staff of VM Bled carry out educational, scientific, research and professional work. In addition to their teaching...\" \/>\n<meta property=\"og:url\" content=\"https:\/\/vm-bled.si\/en\/research\/\" \/>\n<meta property=\"og:site_name\" content=\"VM Bled\" \/>\n<meta property=\"article:publisher\" content=\"https:\/\/www.facebook.com\/VSHTB\/\" \/>\n<meta property=\"article:modified_time\" content=\"2024-01-30T12:45:55+00:00\" \/>\n<meta name=\"twitter:card\" content=\"summary_large_image\" \/>\n<meta name=\"twitter:label1\" content=\"Est. reading time\" \/>\n\t<meta name=\"twitter:data1\" content=\"2 minutes\" \/>\n<script type=\"application\/ld+json\" class=\"yoast-schema-graph\">{\"@context\":\"https:\\\/\\\/schema.org\",\"@graph\":[{\"@type\":\"WebPage\",\"@id\":\"https:\\\/\\\/vm-bled.si\\\/en\\\/research\\\/\",\"url\":\"https:\\\/\\\/vm-bled.si\\\/en\\\/research\\\/\",\"name\":\"RESEARCH - VM Bled\",\"isPartOf\":{\"@id\":\"https:\\\/\\\/vm-bled.si\\\/#website\"},\"datePublished\":\"2023-02-09T09:30:55+00:00\",\"dateModified\":\"2024-01-30T12:45:55+00:00\",\"breadcrumb\":{\"@id\":\"https:\\\/\\\/vm-bled.si\\\/en\\\/research\\\/#breadcrumb\"},\"inLanguage\":\"en-US\",\"potentialAction\":[{\"@type\":\"ReadAction\",\"target\":[\"https:\\\/\\\/vm-bled.si\\\/en\\\/research\\\/\"]}]},{\"@type\":\"BreadcrumbList\",\"@id\":\"https:\\\/\\\/vm-bled.si\\\/en\\\/research\\\/#breadcrumb\",\"itemListElement\":[{\"@type\":\"ListItem\",\"position\":1,\"name\":\"Home\",\"item\":\"https:\\\/\\\/vm-bled.si\\\/en\\\/\"},{\"@type\":\"ListItem\",\"position\":2,\"name\":\"RESEARCH\"}]},{\"@type\":\"WebSite\",\"@id\":\"https:\\\/\\\/vm-bled.si\\\/#website\",\"url\":\"https:\\\/\\\/vm-bled.si\\\/\",\"name\":\"VM BLED\",\"description\":\"\",\"publisher\":{\"@id\":\"https:\\\/\\\/vm-bled.si\\\/#organization\"},\"alternateName\":\"VISOKA \u0160OLA ZA MANAGEMENT BLED\",\"potentialAction\":[{\"@type\":\"SearchAction\",\"target\":{\"@type\":\"EntryPoint\",\"urlTemplate\":\"https:\\\/\\\/vm-bled.si\\\/?s={search_term_string}\"},\"query-input\":{\"@type\":\"PropertyValueSpecification\",\"valueRequired\":true,\"valueName\":\"search_term_string\"}}],\"inLanguage\":\"en-US\"},{\"@type\":\"Organization\",\"@id\":\"https:\\\/\\\/vm-bled.si\\\/#organization\",\"name\":\"VM BLED\",\"url\":\"https:\\\/\\\/vm-bled.si\\\/\",\"logo\":{\"@type\":\"ImageObject\",\"inLanguage\":\"en-US\",\"@id\":\"https:\\\/\\\/vm-bled.si\\\/#\\\/schema\\\/logo\\\/image\\\/\",\"url\":\"\",\"contentUrl\":\"\",\"caption\":\"VM BLED\"},\"image\":{\"@id\":\"https:\\\/\\\/vm-bled.si\\\/#\\\/schema\\\/logo\\\/image\\\/\"},\"sameAs\":[\"https:\\\/\\\/www.facebook.com\\\/VSHTB\\\/\"]}]}<\/script>\n<!-- \/ Yoast SEO plugin. -->","yoast_head_json":{"title":"RESEARCH - VM Bled","robots":{"index":"index","follow":"follow","max-snippet":"max-snippet:-1","max-image-preview":"max-image-preview:large","max-video-preview":"max-video-preview:-1"},"canonical":"https:\/\/vm-bled.si\/en\/research\/","og_locale":"en_US","og_type":"article","og_title":"RESEARCH - VM Bled","og_description":"RESEARCH The academic staff of VM Bled carry out educational, scientific, research and professional work. In addition to their teaching...","og_url":"https:\/\/vm-bled.si\/en\/research\/","og_site_name":"VM Bled","article_publisher":"https:\/\/www.facebook.com\/VSHTB\/","article_modified_time":"2024-01-30T12:45:55+00:00","twitter_card":"summary_large_image","twitter_misc":{"Est. reading time":"2 minutes"},"schema":{"@context":"https:\/\/schema.org","@graph":[{"@type":"WebPage","@id":"https:\/\/vm-bled.si\/en\/research\/","url":"https:\/\/vm-bled.si\/en\/research\/","name":"RESEARCH - VM Bled","isPartOf":{"@id":"https:\/\/vm-bled.si\/#website"},"datePublished":"2023-02-09T09:30:55+00:00","dateModified":"2024-01-30T12:45:55+00:00","breadcrumb":{"@id":"https:\/\/vm-bled.si\/en\/research\/#breadcrumb"},"inLanguage":"en-US","potentialAction":[{"@type":"ReadAction","target":["https:\/\/vm-bled.si\/en\/research\/"]}]},{"@type":"BreadcrumbList","@id":"https:\/\/vm-bled.si\/en\/research\/#breadcrumb","itemListElement":[{"@type":"ListItem","position":1,"name":"Home","item":"https:\/\/vm-bled.si\/en\/"},{"@type":"ListItem","position":2,"name":"RESEARCH"}]},{"@type":"WebSite","@id":"https:\/\/vm-bled.si\/#website","url":"https:\/\/vm-bled.si\/","name":"VM BLED","description":"","publisher":{"@id":"https:\/\/vm-bled.si\/#organization"},"alternateName":"VISOKA \u0160OLA ZA MANAGEMENT BLED","potentialAction":[{"@type":"SearchAction","target":{"@type":"EntryPoint","urlTemplate":"https:\/\/vm-bled.si\/?s={search_term_string}"},"query-input":{"@type":"PropertyValueSpecification","valueRequired":true,"valueName":"search_term_string"}}],"inLanguage":"en-US"},{"@type":"Organization","@id":"https:\/\/vm-bled.si\/#organization","name":"VM BLED","url":"https:\/\/vm-bled.si\/","logo":{"@type":"ImageObject","inLanguage":"en-US","@id":"https:\/\/vm-bled.si\/#\/schema\/logo\/image\/","url":"","contentUrl":"","caption":"VM BLED"},"image":{"@id":"https:\/\/vm-bled.si\/#\/schema\/logo\/image\/"},"sameAs":["https:\/\/www.facebook.com\/VSHTB\/"]}]}},"_links":{"self":[{"href":"https:\/\/vm-bled.si\/en\/wp-json\/wp\/v2\/pages\/15888","targetHints":{"allow":["GET"]}}],"collection":[{"href":"https:\/\/vm-bled.si\/en\/wp-json\/wp\/v2\/pages"}],"about":[{"href":"https:\/\/vm-bled.si\/en\/wp-json\/wp\/v2\/types\/page"}],"author":[{"embeddable":true,"href":"https:\/\/vm-bled.si\/en\/wp-json\/wp\/v2\/users\/1"}],"replies":[{"embeddable":true,"href":"https:\/\/vm-bled.si\/en\/wp-json\/wp\/v2\/comments?post=15888"}],"version-history":[{"count":0,"href":"https:\/\/vm-bled.si\/en\/wp-json\/wp\/v2\/pages\/15888\/revisions"}],"wp:attachment":[{"href":"https:\/\/vm-bled.si\/en\/wp-json\/wp\/v2\/media?parent=15888"}],"curies":[{"name":"wp","href":"https:\/\/api.w.org\/{rel}","templated":true}]}}