{"id":17933,"date":"2025-09-15T10:33:10","date_gmt":"2025-09-15T08:33:10","guid":{"rendered":"https:\/\/vm-bled.si\/?page_id=17933"},"modified":"2025-09-15T10:33:10","modified_gmt":"2025-09-15T08:33:10","slug":"legislation-documents-7","status":"publish","type":"page","link":"https:\/\/vm-bled.si\/en\/legislation-documents-3\/legislation-documents-7\/","title":{"rendered":"Legislation documents"},"content":{"rendered":"\t\t<div data-elementor-type=\"wp-page\" data-elementor-id=\"17933\" class=\"elementor elementor-17933 elementor-17932\">\n\t\t\t\t\t\t<section class=\"elementor-section elementor-top-section elementor-element elementor-element-b47d020 elementor-section-full_width elementor-section-height-default elementor-section-height-default\" data-id=\"b47d020\" data-element_type=\"section\" data-settings=\"{&quot;background_background&quot;:&quot;classic&quot;}\">\r\n\t\t\t\t\t\t<div class=\"elementor-container elementor-column-gap-no\"><div class=\"elementor-row\">\r\n\t\t\t\t\t<div class=\"elementor-column elementor-col-50 elementor-top-column elementor-element elementor-element-519e8c5\" data-id=\"519e8c5\" data-element_type=\"column\" data-settings=\"{&quot;background_background&quot;:&quot;classic&quot;}\">\n\t\t\t<div class=\"elementor-widget-wrap elementor-element-populated\">\n\t\t\t\t\t\t<div class=\"elementor-element elementor-element-f9a62e3 flex-horizontal-align-default flex-horizontal-align-tablet-default flex-horizontal-align-mobile-default flex-vertical-align-default flex-vertical-align-tablet-default flex-vertical-align-mobile-default elementor-widget elementor-widget-spacer\" data-id=\"f9a62e3\" data-element_type=\"widget\" data-widget_type=\"spacer.default\">\n\t\t\t\t<div class=\"elementor-widget-container\">\n\t\t\t\t\t\t\t<div class=\"elementor-spacer\">\n\t\t\t<div class=\"elementor-spacer-inner\"><\/div>\n\t\t<\/div>\n\t\t\t\t\t\t<\/div>\n\t\t\t\t<\/div>\n\t\t\t\t\t<\/div>\n\t\t<\/div>\n\t\t\t\t<div class=\"elementor-column elementor-col-50 elementor-top-column elementor-element elementor-element-77ffbdb\" data-id=\"77ffbdb\" data-element_type=\"column\">\n\t\t\t<div class=\"elementor-widget-wrap elementor-element-populated\">\n\t\t\t\t\t\t<div class=\"elementor-element elementor-element-e236375 flex-horizontal-align-default flex-horizontal-align-tablet-default flex-horizontal-align-mobile-default flex-vertical-align-default flex-vertical-align-tablet-default flex-vertical-align-mobile-default elementor-widget elementor-widget-heading\" data-id=\"e236375\" data-element_type=\"widget\" data-widget_type=\"heading.default\">\n\t\t\t\t<div class=\"elementor-widget-container\">\n\t\t\t\t\t<h1 class=\"elementor-heading-title elementor-size-default\">LEGISLATION<\/h1>\t\t\t\t<\/div>\n\t\t\t\t<\/div>\n\t\t\t\t<div class=\"elementor-element elementor-element-8fc578a flex-horizontal-align-default flex-horizontal-align-tablet-default flex-horizontal-align-mobile-default flex-vertical-align-default flex-vertical-align-tablet-default flex-vertical-align-mobile-default elementor-widget elementor-widget-text-editor\" data-id=\"8fc578a\" data-element_type=\"widget\" data-widget_type=\"text-editor.default\">\n\t\t\t\t<div class=\"elementor-widget-container\">\n\t\t\t\t\t\t\t\t\t\t\t\t<div class=\"elementor-text-editor elementor-clearfix\">\r\n\t\t\t\t\t\t<p>VISOKA \u0160OLA ZA MANAGMENT BLED<\/p>\t\t\t\t\t\t\t<\/div>\r\n\t\t\t\t\t\t\t\t\t\t<\/div>\n\t\t\t\t<\/div>\n\t\t\t\t\t<\/div>\n\t\t<\/div>\n\t\t\t\t\t<\/div><\/div>\r\n\t\t<\/section>\r\n\t\t\t\t<section class=\"elementor-section elementor-top-section elementor-element elementor-element-eeb1985 elementor-section-boxed elementor-section-height-default elementor-section-height-default\" data-id=\"eeb1985\" data-element_type=\"section\" data-settings=\"{&quot;background_background&quot;:&quot;classic&quot;}\">\r\n\t\t\t\t\t\t<div class=\"elementor-container elementor-column-gap-no\"><div class=\"elementor-row\">\r\n\t\t\t\t\t<div class=\"elementor-column elementor-col-50 elementor-top-column elementor-element elementor-element-2177d0c\" data-id=\"2177d0c\" data-element_type=\"column\">\n\t\t\t<div class=\"elementor-widget-wrap elementor-element-populated\">\n\t\t\t\t\t\t<div class=\"elementor-element elementor-element-7cfca18 eael-dual-header-content-align-left flex-horizontal-align-default flex-horizontal-align-tablet-default flex-horizontal-align-mobile-default flex-vertical-align-default flex-vertical-align-tablet-default flex-vertical-align-mobile-default elementor-widget elementor-widget-eael-dual-color-header\" data-id=\"7cfca18\" data-element_type=\"widget\" data-widget_type=\"eael-dual-color-header.default\">\n\t\t\t\t<div class=\"elementor-widget-container\">\n\t\t\t\t\t\t\t\t<div class=\"eael-dual-header\">\n\t\t\t\t\t\t\t\t<span class=\"subtext\"><\/span>\n\t\t\t\t<h2 class=\"title eael-dch-title\"><span class=\"eael-dch-title-text eael-dch-title-lead lead solid-color\">LEGISLATION<\/span> <span class=\"eael-dch-title-text\"><\/span><\/h2><div class=\"eael-dch-separator-wrap\"><span class=\"separator-one\"><\/span>\n\t\t\t<span class=\"separator-two\"><\/span><\/div>\t\t\t<\/div>\n\t\t\t\t\t\t<\/div>\n\t\t\t\t<\/div>\n\t\t\t\t<div class=\"elementor-element elementor-element-36b1f1d flex-horizontal-align-default flex-horizontal-align-tablet-default flex-horizontal-align-mobile-default flex-vertical-align-default flex-vertical-align-tablet-default flex-vertical-align-mobile-default elementor-widget elementor-widget-text-editor\" data-id=\"36b1f1d\" data-element_type=\"widget\" data-widget_type=\"text-editor.default\">\n\t\t\t\t<div class=\"elementor-widget-container\">\n\t\t\t\t\t\t\t\t\t\t\t\t<div class=\"elementor-text-editor elementor-clearfix\">\r\n\t\t\t\t\t\t<ul><li>Statutes<\/li><li>Decree establishing<\/li><li>Decree amending the Decree of Establishment<\/li><li>Rules on internal organisation and systematisation<\/li><li>Criteria for election to the titles of higher education teachers, scientific workers and higher education associates of the Bled School of Management<\/li><li>Forms for election to the titles of higher education teachers, scientific workers and higher education associates of the Bled School of Management<\/li><li>Criteria for transitions between study programmes and recognition of completed study requirements at VM Bled<\/li><li>Criteria for the credit evaluation of study programmes at the Bled School of Management according to ECTS<\/li><li>Rules of Procedure for the functioning of the Board of Management of the VM Bled<\/li><li>Rules of Procedure of the Senate of the VM Bled<\/li><li>Regulations on Monitoring, Identification and Quality Assurance of VM Bled<\/li><li>Regulations on the protection of personal data<\/li><li>Regulations on the examination and assessment of knowledge and the examination regulations at VM Bled<\/li><li>Regulations on Disciplinary Responsibility of VM Bled Students<\/li><li>Rules on the procedure and criteria for the recognition of knowledge and skills acquired through formal, non-formal and informal learning<\/li><li>Regulations on accelerated promotion and repetition of the year at VM Bled<\/li><li>Rules governing the publishing activities of VM Bled<\/li><li>Regulations on the VM Bled Diploma Thesis<\/li><li>Self-evaluation report 2022-2023<\/li><li>Act on Amendments and Additions to the Minimum Standards for the Election to the Titles of Higher Education Teachers, Researchers and Higher Education Associates at Higher Education Institutions<\/li><li>Regulations on practical training at VM Bled<\/li><li>Rules on mobility<\/li><li>Regulations on services for the activities of VM Bled<\/li><li>Summary of self-evaluation report for academic year 2021\/2022<\/li><li>Regulations on students with special status at VM Bled<\/li><li>Regulations on the content and form of diplomas and certificates of education at VM Bled<\/li><\/ul>\t\t\t\t\t\t\t<\/div>\r\n\t\t\t\t\t\t\t\t\t\t<\/div>\n\t\t\t\t<\/div>\n\t\t\t\t\t<\/div>\n\t\t<\/div>\n\t\t\t\t<div class=\"elementor-column elementor-col-50 elementor-top-column elementor-element elementor-element-9d6db74\" data-id=\"9d6db74\" data-element_type=\"column\">\n\t\t\t<div class=\"elementor-widget-wrap elementor-element-populated\">\n\t\t\t\t\t\t<div class=\"elementor-element elementor-element-f467db7 flex-horizontal-align-default flex-horizontal-align-tablet-default flex-horizontal-align-mobile-default flex-vertical-align-default flex-vertical-align-tablet-default flex-vertical-align-mobile-default elementor-widget elementor-widget-text-editor\" data-id=\"f467db7\" data-element_type=\"widget\" data-widget_type=\"text-editor.default\">\n\t\t\t\t<div class=\"elementor-widget-container\">\n\t\t\t\t\t\t\t\t\t\t\t\t<div class=\"elementor-text-editor elementor-clearfix\">\r\n\t\t\t\t\t\t<div id=\"panel-6014-0-2-0\" class=\"so-panel widget_text panel-first-child\" data-index=\"14\" data-style=\"{&quot;background_image_attachment&quot;:false,&quot;background_display&quot;:&quot;tile&quot;}\">\n<ul>\n \t<li class=\"textwidget\"><a href=\"https:\/\/vm-bled.si\/wp-content\/uploads\/2023\/02\/Sklep-o-preimenovanju-zavoda.pdf\">Sklep o preimenovanju zavoda<\/a><\/li>\n \t<li><a href=\"https:\/\/vm-bled.si\/wp-content\/uploads\/2023\/02\/Sprememba-Odloka.pdf\">Sprememba Odloka<\/a><\/li>\n \t<li><a href=\"https:\/\/vm-bled.si\/wp-content\/uploads\/2023\/04\/Statut.pdf\" target=\"_blank\" rel=\"noopener\">Statut<\/a><\/li>\n \t<li><a href=\"http:\/\/www.vm-bled.si\/wp-content\/uploads\/2018\/05\/05-Odlok-o-ustanovitvi.pdf\" target=\"_blank\" rel=\"noopener\">Odlok o ustanovitvi<\/a><\/li>\n \t<li><a href=\"http:\/\/www.vm-bled.si\/wp-content\/uploads\/2018\/05\/06-Odlok-o-spremembah-Odloka-o-ustanovitvi.pdf\" target=\"_blank\" rel=\"noopener\">Odlok o spremembah Odloka o ustanovitvi<\/a><\/li>\n \t<li><a href=\"http:\/\/www.vm-bled.si\/wp-content\/uploads\/2018\/05\/07-Pravilnik-o-notranji-organizaciji-in-sistemizaciji.pdf\" target=\"_blank\" rel=\"noopener\">Pravilnik o notranji organizaciji in sistemizaciji<\/a><\/li>\n \t<li><a href=\"https:\/\/vm-bled.si\/wp-content\/uploads\/2024\/01\/Merila-za-izvolitev-v-nazive-visokosolskih-uciteljev-znanstvenih-delavcev-in-visokosolskih-sodelavcev-Visoke-sole-za-management-Bled.pdf\" target=\"_blank\" rel=\"noopener\">Merila za izvolitev v nazive visoko\u0161olskih u\u010diteljev, znanstvenih delavcev in visoko\u0161olskih sodelavcev Visoke \u0161ole za management Bled<\/a><\/li>\n \t<li><a href=\"https:\/\/vm-bled.si\/wp-content\/uploads\/2024\/01\/Obrazci-za-izvolitev-v-nazive-visokosolskih-uciteljev-znanstvenih-delavcev-in-visokosolskih-sodelavcev-Visoke-sole-za-management-Bled.docx\" target=\"_blank\" rel=\"noopener\">Obrazci za izvolitev v nazive visoko\u0161olskih u\u010diteljev, znanstvenih delavcev in visoko\u0161olskih sodelavcev Visoke \u0161ole za management Bled<\/a><\/li>\n \t<li><a href=\"https:\/\/vm-bled.si\/wp-content\/uploads\/2023\/05\/Merila-za-prehode-med-studijskimi-programi-in-priznavanje-opravljenih-studijskih-obveznosti-na-VM-Bled.pdf\" target=\"_blank\" rel=\"noopener\">Merila za prehode med \u0161tudijskimi programi in priznavanje opravljenih \u0161tudijskih obveznosti na VM Bled<\/a><\/li>\n \t<li><a href=\"https:\/\/vm-bled.si\/wp-content\/uploads\/2023\/12\/Merila-za-kreditno-vrednotenje-studijskih-programov-po-ECTS-na-Visoki-soli-za-management-Bled.pdf\" target=\"_blank\" rel=\"noopener\">Merila za kreditno vrednotenje \u0161tudijskih programov po ECTS na Visoki \u0161oli za management Bled<\/a><\/li>\n \t<li><a href=\"https:\/\/vm-bled.si\/wp-content\/uploads\/2023\/04\/Poslovnik-o-delovanju-Upravnega-odbora-VM-Bled.pdf\" target=\"_blank\" rel=\"noopener\">Poslovnik o delovanju UO VM Bled<\/a><\/li>\n \t<li><a href=\"https:\/\/vm-bled.si\/wp-content\/uploads\/2023\/04\/Poslovnik-o-delovanju-Senata-VM-Bled.pdf\" target=\"_blank\" rel=\"noopener\">Poslovnik o delovanju Senata VM Bled<\/a><\/li>\n \t<li><a href=\"https:\/\/vm-bled.si\/wp-content\/uploads\/2023\/04\/Pravilnik-o-spremljanju-ugotavljanju-in-zagotavljanju-kakovosti-VM-Bled.pdf\" target=\"_blank\" rel=\"noopener\">Pravilnik o spremljanju, ugotavljanju in zagotavljanju kakovosti VM Bled<\/a><\/li>\n \t<li><a href=\"https:\/\/vm-bled.si\/wp-content\/uploads\/2023\/10\/Pravilnik-o-varstvu-osebnih-podatkov-1.pdf\">Pravilnik o varstvu osebnih podatkov<\/a><\/li>\n \t<li><a href=\"https:\/\/vm-bled.si\/wp-content\/uploads\/2023\/04\/Pravilnik-o-preverjanju-in-ocenjevanju-znanja-in-izpitnem-redu-na-VM-Bled.pdf\" target=\"_blank\" rel=\"noopener\">Pravilnik o preverjanju in ocenjevanju znanja in izpitnem redu na VM Bled<\/a><\/li>\n \t<li><a href=\"https:\/\/vm-bled.si\/wp-content\/uploads\/2023\/04\/Pravilnik-o-disciplinski-odgovornosti-studentov-VM-Bled.pdf\" target=\"_blank\" rel=\"noopener\">Pravilnik o disciplinski odgovornosti \u0161tudentov VM Bled<\/a><\/li>\n \t<li><a href=\"https:\/\/vm-bled.si\/wp-content\/uploads\/2023\/05\/Pravilnik-o-postopku-in-merilih-za-priznavanje-znanja-in-spretnosti-pridobljanih-s-formalnim-in-z-neformalnim-ter-priloznostnim-izobrazevanjem.pdf\">Pravilnik o postopku in merilih za priznavanje znanja in spretnosti, pridobljenih s formalnim in z neformalnim ter prilo\u017enostnim izobra\u017eevanjem<\/a><\/li>\n \t<li><a href=\"https:\/\/vm-bled.si\/wp-content\/uploads\/2023\/04\/Pravilnik-o-hitrejsem-napredovanju-in-ponavljanju-letnika-na-VM-Bled.pdf\" target=\"_blank\" rel=\"noopener\">Pravilnik o hitrej\u0161em napredovanju in ponavljanju letnika na VM Bled<\/a><\/li>\n \t<li><a href=\"https:\/\/vm-bled.si\/wp-content\/uploads\/2023\/05\/Pravilnik-zalozniske-dejavnosti-VM-Bled.pdf\">Pravilnik zalo\u017eni\u0161ke dejavnosti VM Bled<\/a><\/li>\n \t<li><a href=\"https:\/\/vm-bled.si\/wp-content\/uploads\/2023\/04\/Pravilnik-o-diplomskem-delu-VM-Bled.pdf\" target=\"_blank\" rel=\"noopener\">Pravilnik o diplomskem delu VM Bled<\/a><\/li>\n \t<li><a href=\"http:\/\/www.vm-bled.si\/wp-content\/uploads\/2018\/05\/27-Samoevalvacijsko-poro\u010dilo-2015-2016.pdf\" target=\"_blank\" rel=\"noopener\">Samoevalvacijsko poro\u010dilo 2015-2016<\/a><\/li>\n \t<li><a href=\"https:\/\/www.vm-bled.si\/wp-content\/uploads\/2019\/01\/Samoevalvacijsko-poro\u010dilo-2016-2017-2.pdf\" target=\"_blank\" rel=\"noopener\">Samoevalvacijsko poro\u010dilo 2016-2017<\/a><\/li>\n \t<li><a href=\"https:\/\/www.vm-bled.si\/wp-content\/uploads\/2019\/02\/Samoevalvacijsko-poro\u010dilo-2017-2018_2.pdf\" target=\"_blank\" rel=\"noopener\">Samoevalvacijsko poro\u010dilo 2017-2018<\/a><\/li>\n \t<li><a href=\"https:\/\/www.vm-bled.si\/wp-content\/uploads\/2020\/07\/Samoevalvacijsko-poro\u010dilo-2018-2019.pdf\" target=\"_blank\" rel=\"noopener\">Samoevalvacijsko poro\u010dilo 2018-2019<\/a><\/li>\n \t<li><a href=\"https:\/\/www.vm-bled.si\/wp-content\/uploads\/2021\/03\/Samoevalvacijsko-poro\u010dilo-2019-2020.pdf\" target=\"_blank\" rel=\"noopener\">Samoevalvacijsko poro\u010dilo 2019-2020<\/a><\/li>\n \t<li><a href=\"https:\/\/www.vm-bled.si\/wp-content\/uploads\/2022\/02\/Samoelvalvacijsko-porocilo-2020-2021.pdf\" target=\"_blank\" rel=\"noopener\">Samoevalvacijsko poro\u010dilo 2020-2021<\/a><\/li>\n \t<li><a href=\"https:\/\/www.vm-bled.si\/wp-content\/uploads\/2022\/02\/Akt-o-sprembah-in-dopolnitvah-Minimalnih-standardov-za-izvolitev-v-nazive-visokosolskih-uciteljev-znanstenih-delavcev-in-visokosolskih-sodelavcev-na-visokosolskih-zavodih.pdf\" target=\"_blank\" rel=\"noopener\">Akt o sprembah in dopolnitvah Minimalnih standardov za izvolitev v nazive visoko\u0161olskih u\u010diteljev, znanstenih delavcev in visoko\u0161olskih sodelavcev na visoko\u0161olskih zavodih<\/a><\/li>\n \t<li><a href=\"https:\/\/vm-bled.si\/wp-content\/uploads\/2023\/02\/Pravilnik-o-izvajanju-prakticnega-usposabljanja-na-VM-Bled-1.pdf\" target=\"_blank\" rel=\"noopener\">Pravilnik o izvajanju prakti\u010dnega usposabljanja na VM Bled<\/a><\/li>\n \t<li><a href=\"https:\/\/vm-bled.si\/wp-content\/uploads\/2023\/02\/Pravilnik-o-mobilnosti-1.pdf\" target=\"_blank\" rel=\"noopener\">Pravilnik o mobilnosti<\/a><\/li>\n \t<li><a href=\"https:\/\/vm-bled.si\/wp-content\/uploads\/2023\/02\/Pravilnik-o-storitvah-za-dejavnost-VM-Bled-1.pdf\" target=\"_blank\" rel=\"noopener\">Pravilnik o storitvah za dejavnost VM Bled<\/a><\/li>\n \t<li><a href=\"https:\/\/vm-bled.si\/wp-content\/uploads\/2023\/02\/Samoelvalvacijsko-porocilo-2021-2022.pdf\" target=\"_blank\" rel=\"noopener\">Samoelvalvacijsko poro\u010dilo 2021-2022<\/a><\/li>\n \t<li><a href=\"https:\/\/vm-bled.si\/wp-content\/uploads\/2023\/02\/Povzetek-samoelvalvacijskega-porocila-2021-2022.pdf\" target=\"_blank\" rel=\"noopener\">Povzetek samoelvalvacijskega poro\u010dila 2021-2022<\/a><\/li>\n \t<li><a href=\"https:\/\/vm-bled.si\/wp-content\/uploads\/2023\/02\/Povzetek-samoelvalvacijskega-porocila-2021-2022-ANJ.pdf\" target=\"_blank\" rel=\"noopener\">Povzetek samoelvalvacijskega poro\u010dila 2021-2022 ANJ<\/a><\/li>\n \t<li><a href=\"https:\/\/vm-bled.si\/wp-content\/uploads\/2023\/05\/Pravilnik-o-studentih-s-posebnim-statusom-na-VM-Bled.pdf\" target=\"_blank\" rel=\"noopener\">Pravilnik o \u0161tudentih s posebnim statusom na VM Bled<\/a><\/li>\n \t<li><a href=\"https:\/\/vm-bled.si\/wp-content\/uploads\/2023\/05\/Pravilnik-o-vsebini-in-obliki-diplom-in-potrdil-o-izobrazevanju-na-VM-Bled.pdf\" target=\"_blank\" rel=\"noopener\">Pravilnik o vsebini in obliki diplom in potrdil o izobra\u017eevanju na VM Bled<\/a><\/li>\n \t<li><a href=\"https:\/\/vm-bled.si\/wp-content\/uploads\/2024\/01\/Pravilnik-o-studentih-s-posebnim-statusom-na-VM-Bled.pdf\" target=\"_blank\" rel=\"noopener\">Pravilnik o \u0161tudentih s posebnim statusom na VM Bled<\/a><\/li>\n<\/ul>\n<\/div>\t\t\t\t\t\t\t<\/div>\r\n\t\t\t\t\t\t\t\t\t\t<\/div>\n\t\t\t\t<\/div>\n\t\t\t\t\t<\/div>\n\t\t<\/div>\n\t\t\t\t\t<\/div><\/div>\r\n\t\t<\/section>\r\n\t\t\t\t<\/div>\n\t\t","protected":false},"excerpt":{"rendered":"<p>LEGISLATION VISOKA \u0160OLA ZA MANAGMENT BLED LEGISLATION Statutes Decree establishing Decree amending the Decree of Establishment Rules on internal organisation&#8230;<\/p>\n","protected":false},"author":6,"featured_media":0,"parent":17837,"menu_order":0,"comment_status":"closed","ping_status":"closed","template":"page-fullwidth.php","meta":{"_monsterinsights_skip_tracking":false,"_monsterinsights_sitenote_active":false,"_monsterinsights_sitenote_note":"","_monsterinsights_sitenote_category":0,"footnotes":""},"class_list":["post-17933","page","type-page","status-publish"],"yoast_head":"<!-- This site is optimized with the Yoast SEO plugin v27.4 - https:\/\/yoast.com\/product\/yoast-seo-wordpress\/ -->\n<title>Legislation documents - VM Bled<\/title>\n<meta name=\"robots\" content=\"index, follow, max-snippet:-1, max-image-preview:large, max-video-preview:-1\" \/>\n<link rel=\"canonical\" href=\"https:\/\/vm-bled.si\/en\/legislation-documents-3\/legislation-documents-7\/\" \/>\n<meta property=\"og:locale\" content=\"en_US\" \/>\n<meta property=\"og:type\" content=\"article\" \/>\n<meta property=\"og:title\" content=\"Legislation documents - VM Bled\" \/>\n<meta property=\"og:description\" content=\"LEGISLATION VISOKA \u0160OLA ZA MANAGMENT BLED LEGISLATION Statutes Decree establishing Decree amending the Decree of Establishment Rules on internal organisation...\" \/>\n<meta property=\"og:url\" content=\"https:\/\/vm-bled.si\/en\/legislation-documents-3\/legislation-documents-7\/\" \/>\n<meta property=\"og:site_name\" content=\"VM Bled\" \/>\n<meta property=\"article:publisher\" content=\"https:\/\/www.facebook.com\/VSHTB\/\" \/>\n<meta name=\"twitter:card\" content=\"summary_large_image\" \/>\n<meta name=\"twitter:label1\" content=\"Est. reading time\" \/>\n\t<meta name=\"twitter:data1\" content=\"3 minutes\" \/>\n<script type=\"application\/ld+json\" class=\"yoast-schema-graph\">{\"@context\":\"https:\\\/\\\/schema.org\",\"@graph\":[{\"@type\":\"WebPage\",\"@id\":\"https:\\\/\\\/vm-bled.si\\\/en\\\/legislation-documents-3\\\/legislation-documents-7\\\/\",\"url\":\"https:\\\/\\\/vm-bled.si\\\/en\\\/legislation-documents-3\\\/legislation-documents-7\\\/\",\"name\":\"Legislation documents - VM Bled\",\"isPartOf\":{\"@id\":\"https:\\\/\\\/vm-bled.si\\\/#website\"},\"datePublished\":\"2025-09-15T08:33:10+00:00\",\"breadcrumb\":{\"@id\":\"https:\\\/\\\/vm-bled.si\\\/en\\\/legislation-documents-3\\\/legislation-documents-7\\\/#breadcrumb\"},\"inLanguage\":\"en-US\",\"potentialAction\":[{\"@type\":\"ReadAction\",\"target\":[\"https:\\\/\\\/vm-bled.si\\\/en\\\/legislation-documents-3\\\/legislation-documents-7\\\/\"]}]},{\"@type\":\"BreadcrumbList\",\"@id\":\"https:\\\/\\\/vm-bled.si\\\/en\\\/legislation-documents-3\\\/legislation-documents-7\\\/#breadcrumb\",\"itemListElement\":[{\"@type\":\"ListItem\",\"position\":1,\"name\":\"Home\",\"item\":\"https:\\\/\\\/vm-bled.si\\\/en\\\/\"},{\"@type\":\"ListItem\",\"position\":2,\"name\":\"Legislation documents\",\"item\":\"https:\\\/\\\/vm-bled.si\\\/en\\\/legislation-documents-3\\\/\"},{\"@type\":\"ListItem\",\"position\":3,\"name\":\"Legislation documents\"}]},{\"@type\":\"WebSite\",\"@id\":\"https:\\\/\\\/vm-bled.si\\\/#website\",\"url\":\"https:\\\/\\\/vm-bled.si\\\/\",\"name\":\"VM BLED\",\"description\":\"\",\"publisher\":{\"@id\":\"https:\\\/\\\/vm-bled.si\\\/#organization\"},\"alternateName\":\"VISOKA \u0160OLA ZA MANAGEMENT BLED\",\"potentialAction\":[{\"@type\":\"SearchAction\",\"target\":{\"@type\":\"EntryPoint\",\"urlTemplate\":\"https:\\\/\\\/vm-bled.si\\\/?s={search_term_string}\"},\"query-input\":{\"@type\":\"PropertyValueSpecification\",\"valueRequired\":true,\"valueName\":\"search_term_string\"}}],\"inLanguage\":\"en-US\"},{\"@type\":\"Organization\",\"@id\":\"https:\\\/\\\/vm-bled.si\\\/#organization\",\"name\":\"VM BLED\",\"url\":\"https:\\\/\\\/vm-bled.si\\\/\",\"logo\":{\"@type\":\"ImageObject\",\"inLanguage\":\"en-US\",\"@id\":\"https:\\\/\\\/vm-bled.si\\\/#\\\/schema\\\/logo\\\/image\\\/\",\"url\":\"\",\"contentUrl\":\"\",\"caption\":\"VM BLED\"},\"image\":{\"@id\":\"https:\\\/\\\/vm-bled.si\\\/#\\\/schema\\\/logo\\\/image\\\/\"},\"sameAs\":[\"https:\\\/\\\/www.facebook.com\\\/VSHTB\\\/\"]}]}<\/script>\n<!-- \/ Yoast SEO plugin. -->","yoast_head_json":{"title":"Legislation documents - VM Bled","robots":{"index":"index","follow":"follow","max-snippet":"max-snippet:-1","max-image-preview":"max-image-preview:large","max-video-preview":"max-video-preview:-1"},"canonical":"https:\/\/vm-bled.si\/en\/legislation-documents-3\/legislation-documents-7\/","og_locale":"en_US","og_type":"article","og_title":"Legislation documents - VM Bled","og_description":"LEGISLATION VISOKA \u0160OLA ZA MANAGMENT BLED LEGISLATION Statutes Decree establishing Decree amending the Decree of Establishment Rules on internal organisation...","og_url":"https:\/\/vm-bled.si\/en\/legislation-documents-3\/legislation-documents-7\/","og_site_name":"VM Bled","article_publisher":"https:\/\/www.facebook.com\/VSHTB\/","twitter_card":"summary_large_image","twitter_misc":{"Est. reading time":"3 minutes"},"schema":{"@context":"https:\/\/schema.org","@graph":[{"@type":"WebPage","@id":"https:\/\/vm-bled.si\/en\/legislation-documents-3\/legislation-documents-7\/","url":"https:\/\/vm-bled.si\/en\/legislation-documents-3\/legislation-documents-7\/","name":"Legislation documents - VM Bled","isPartOf":{"@id":"https:\/\/vm-bled.si\/#website"},"datePublished":"2025-09-15T08:33:10+00:00","breadcrumb":{"@id":"https:\/\/vm-bled.si\/en\/legislation-documents-3\/legislation-documents-7\/#breadcrumb"},"inLanguage":"en-US","potentialAction":[{"@type":"ReadAction","target":["https:\/\/vm-bled.si\/en\/legislation-documents-3\/legislation-documents-7\/"]}]},{"@type":"BreadcrumbList","@id":"https:\/\/vm-bled.si\/en\/legislation-documents-3\/legislation-documents-7\/#breadcrumb","itemListElement":[{"@type":"ListItem","position":1,"name":"Home","item":"https:\/\/vm-bled.si\/en\/"},{"@type":"ListItem","position":2,"name":"Legislation documents","item":"https:\/\/vm-bled.si\/en\/legislation-documents-3\/"},{"@type":"ListItem","position":3,"name":"Legislation documents"}]},{"@type":"WebSite","@id":"https:\/\/vm-bled.si\/#website","url":"https:\/\/vm-bled.si\/","name":"VM BLED","description":"","publisher":{"@id":"https:\/\/vm-bled.si\/#organization"},"alternateName":"VISOKA \u0160OLA ZA MANAGEMENT BLED","potentialAction":[{"@type":"SearchAction","target":{"@type":"EntryPoint","urlTemplate":"https:\/\/vm-bled.si\/?s={search_term_string}"},"query-input":{"@type":"PropertyValueSpecification","valueRequired":true,"valueName":"search_term_string"}}],"inLanguage":"en-US"},{"@type":"Organization","@id":"https:\/\/vm-bled.si\/#organization","name":"VM BLED","url":"https:\/\/vm-bled.si\/","logo":{"@type":"ImageObject","inLanguage":"en-US","@id":"https:\/\/vm-bled.si\/#\/schema\/logo\/image\/","url":"","contentUrl":"","caption":"VM BLED"},"image":{"@id":"https:\/\/vm-bled.si\/#\/schema\/logo\/image\/"},"sameAs":["https:\/\/www.facebook.com\/VSHTB\/"]}]}},"_links":{"self":[{"href":"https:\/\/vm-bled.si\/en\/wp-json\/wp\/v2\/pages\/17933","targetHints":{"allow":["GET"]}}],"collection":[{"href":"https:\/\/vm-bled.si\/en\/wp-json\/wp\/v2\/pages"}],"about":[{"href":"https:\/\/vm-bled.si\/en\/wp-json\/wp\/v2\/types\/page"}],"author":[{"embeddable":true,"href":"https:\/\/vm-bled.si\/en\/wp-json\/wp\/v2\/users\/6"}],"replies":[{"embeddable":true,"href":"https:\/\/vm-bled.si\/en\/wp-json\/wp\/v2\/comments?post=17933"}],"version-history":[{"count":0,"href":"https:\/\/vm-bled.si\/en\/wp-json\/wp\/v2\/pages\/17933\/revisions"}],"up":[{"embeddable":true,"href":"https:\/\/vm-bled.si\/en\/wp-json\/wp\/v2\/pages\/17837"}],"wp:attachment":[{"href":"https:\/\/vm-bled.si\/en\/wp-json\/wp\/v2\/media?parent=17933"}],"curies":[{"name":"wp","href":"https:\/\/api.w.org\/{rel}","templated":true}]}}